{"id":13,"date":"2026-02-13T14:29:24","date_gmt":"2026-02-13T17:29:24","guid":{"rendered":"https:\/\/locacaodeguindastesgoiania.com.br\/?page_id=13"},"modified":"2026-04-09T11:08:26","modified_gmt":"2026-04-09T14:08:26","slug":"locacao-de-guindastes-goiania","status":"publish","type":"page","link":"https:\/\/locacaodeguindastesgoiania.com.br\/","title":{"rendered":"Loca\u00e7\u00e3o de Guindastes em Goi\u00e2nia"},"content":{"rendered":"<div class=\"et_pb_section_0 et_pb_section et_section_regular et_flex_section\"><div class=\"et_pb_row_0 et_pb_row et_flex_row\"><div class=\"et_pb_column_0 et_pb_column et-last-child et_flex_column et_pb_css_mix_blend_mode_passthrough et_flex_column_24_24 et_flex_column_24_24_tablet et_flex_column_24_24_phone\"><div class=\"et_pb_menu_0 et_pb_menu et_pb_menu--with-logo et_pb_menu--style-left_aligned et_dropdown_animation_fade et_pb_bg_layout_light et_pb_text_align_right et_pb_text_align_right-tablet et_pb_text_align_right-phone et_pb_module et_flex_module\"><div class=\"et_pb_menu_inner_container et_flex_module\"><div class=\"et_pb_menu__logo-wrap\"><div class=\"et_pb_menu__logo\"><a href=\"https:\/\/locacaodeguindastesgoiania.com.br\/\"><img alt=\"\" alt=\"\" loading=\"lazy\" decoding=\"async\" src=\"https:\/\/locacaodeguindastesgoiania.com.br\/wp-content\/uploads\/2026\/02\/4965423106928674657.webp\" title=\"4965423106928674657\" width=\"500\" height=\"162\" srcset=\"https:\/\/locacaodeguindastesgoiania.com.br\/wp-content\/uploads\/2026\/02\/4965423106928674657.webp 500w, https:\/\/locacaodeguindastesgoiania.com.br\/wp-content\/uploads\/2026\/02\/4965423106928674657-480x156.webp 480w\" sizes=\"(min-width: 0px) and (max-width: 480px) 480px, (min-width: 481px) 500px, 100vw\" class=\"wp-image-91\" \/><\/a><\/div><\/div><div class=\"et_pb_menu__wrap\"><div class=\"et_pb_menu__menu\"><nav class=\"et-menu-nav\"><ul id=\"menu-principal\" class=\"et-menu nav downwards\"><li id=\"menu-item-61\" class=\"et_pb_menu_page_id-home menu-item menu-item-type-post_type menu-item-object-page menu-item-home menu-item-61\"><a href=\"https:\/\/locacaodeguindastesgoiania.com.br\/\">In\u00edcio<\/a><\/li>\n<li id=\"menu-item-62\" class=\"et_pb_menu_page_id-62 menu-item menu-item-type-custom menu-item-object-custom menu-item-home menu-item-62\"><a href=\"https:\/\/locacaodeguindastesgoiania.com.br\/#tipos\">Tipos de Guindaste<\/a><\/li>\n<li id=\"menu-item-63\" class=\"et_pb_menu_page_id-63 menu-item menu-item-type-custom menu-item-object-custom menu-item-home menu-item-63\"><a href=\"https:\/\/locacaodeguindastesgoiania.com.br\/#dicas\">Dicas de Seguran\u00e7a<\/a><\/li>\n<\/ul><\/nav><\/div><div class=\"et_mobile_nav_menu\"><div class=\"mobile_nav closed\"><span class=\"mobile_menu_bar\"><\/span><\/div><\/div><\/div><div class=\"et_pb_module et_pb_button_module_wrapper et_pb_button_0_wrapper et_flex_column_24_24_tablet et_flex_column_24_24_phone\"><a class=\"et_pb_button_0 et_pb_button et_pb_bg_layout_light et_pb_module et_flex_module\" href=\"https:\/\/locacaodeguindastesgoiania.com.br\/#recomendacoes\" data-icon=\"3\">Empresas Recomendadas<\/a><\/div><\/div><\/div><\/div><\/div><\/div>\n\n<div class=\"et_pb_section_1 et_pb_section et_section_regular et_flex_section\">\n<div class=\"et_pb_row_1 et_pb_row et_flex_row\">\n<div class=\"et_pb_column_1 et_pb_column et-last-child et_flex_column et_pb_css_mix_blend_mode_passthrough et_flex_column_24_24 et_flex_column_24_24_tablet et_flex_column_24_24_phone\">\n<div class=\"et_pb_text_0 et_pb_text et_pb_bg_layout_light et_animated et_pb_module et_block_module\"><div class=\"et_pb_text_inner\"><h1>Loca\u00e7\u00e3o de Guindastes e Caminh\u00e3o Munck em Goi\u00e2nia e Regi\u00e3o<\/h1>\n<\/div><\/div>\n\n<div class=\"et_pb_text_1 et_pb_text et_pb_bg_layout_light et_animated et_pb_module et_block_module\"><div class=\"et_pb_text_inner\"><p><span>O guia completo para contratar i\u00e7amento de cargas com seguran\u00e7a, t\u00e9cnica e o melhor custo-benef\u00edcio na capital goiana.<\/span><\/p>\n<\/div><\/div>\n\n<div class=\"et_pb_module et_pb_button_module_wrapper et_pb_button_1_wrapper\"><a class=\"et_pb_button_1 et_pb_button et_pb_bg_layout_light et_animated et_pb_module et_block_module\" href=\"#recomendacoes\" data-icon=\"&quot;\">Cotar com Empresas Verificadas<\/a><\/div>\n<\/div>\n<\/div>\n<\/div>\n\n<div class=\"et_pb_section_2 et_pb_section et_section_regular et_flex_section\" id=\"tipos\">\n<div class=\"et_pb_row_2 et_pb_row et_flex_row\">\n<div class=\"et_pb_column_2 et_pb_column et-last-child et_flex_column et_pb_css_mix_blend_mode_passthrough et_flex_column_24_24 et_flex_column_24_24_tablet et_flex_column_24_24_phone\">\n<div class=\"et_pb_text_2 et_pb_text et_pb_bg_layout_light et_pb_module et_block_module\"><div class=\"et_pb_text_inner\"><h2 class=\"text-center font-display text-3xl font-bold text-primary md:text-4xl\">Entenda a diferen\u00e7a e escolha o equipamento ideal<\/h2>\n<\/div><\/div>\n\n<div class=\"et_pb_text_3 et_pb_text et_pb_bg_layout_light et_pb_module et_block_module\"><div class=\"et_pb_text_inner\"><p class=\"text-center font-display text-3xl font-bold text-primary md:text-4xl\"><span>Qual equipamento voc\u00ea precisa? Veja as principais op\u00e7\u00f5es dispon\u00edveis para loca\u00e7\u00e3o em Goi\u00e2nia.<\/span><\/p>\n<\/div><\/div>\n<\/div>\n<\/div>\n\n<div class=\"et_pb_row_3 et_pb_row et_flex_row\">\n<div class=\"et_pb_column_3 et_pb_column et_flex_column et_pb_css_mix_blend_mode_passthrough et_flex_column_8_24 et_flex_column_8_24_tablet et_flex_column_24_24_phone\">\n<div class=\"et_pb_image_0 et_pb_image et_pb_module et_flex_module\"><span class=\"et_pb_image_wrap\"><img alt=\"\" alt=\"\" loading=\"lazy\" decoding=\"async\" src=\"https:\/\/locacaodeguindastesgoiania.com.br\/wp-content\/uploads\/2026\/02\/imagem-01.webp\" title=\"imagem-01\" width=\"672\" height=\"420\" srcset=\"https:\/\/locacaodeguindastesgoiania.com.br\/wp-content\/uploads\/2026\/02\/imagem-01.webp 672w, https:\/\/locacaodeguindastesgoiania.com.br\/wp-content\/uploads\/2026\/02\/imagem-01-480x300.webp 480w\" sizes=\"(min-width: 0px) and (max-width: 480px) 480px, (min-width: 481px) 672px, 100vw\" class=\"wp-image-102\" \/><\/span><\/div>\n\n<div class=\"et_pb_text_4 et_pb_text et_pb_bg_layout_light et_pb_module et_flex_module\"><div class=\"et_pb_text_inner\"><h3>Caminh\u00e3o Munck (Guindauto)<\/h3>\n<p><span>Ideal para cargas m\u00e9dias, transporte de m\u00e1quinas e agilidade na cidade.<\/span><\/p>\n<\/div><\/div>\n\n<div class=\"et_pb_module et_pb_button_module_wrapper et_pb_button_2_wrapper\"><a class=\"et_pb_button_2 et_pb_button et_pb_bg_layout_light et_pb_module et_block_module\" href=\"https:\/\/locacaodeguindastesgoiania.com.br\/index.php\/2026\/02\/23\/munck-ou-guindaste-entenda-a-diferenca-e-saiba-qual-escolher-para-a-sua-obra\/\" target=\"_blank\">Saiba mais: Munck ou Guindaste?<\/a><\/div>\n<\/div>\n\n<div class=\"et_pb_column_4 et_pb_column et_flex_column et_pb_css_mix_blend_mode_passthrough et_flex_column_8_24 et_flex_column_8_24_tablet et_flex_column_24_24_phone\">\n<div class=\"et_pb_image_1 et_pb_image et_pb_module et_flex_module\"><span class=\"et_pb_image_wrap\"><img alt=\"\" alt=\"\" loading=\"lazy\" decoding=\"async\" src=\"https:\/\/locacaodeguindastesgoiania.com.br\/wp-content\/uploads\/2026\/02\/imagem-2.webp\" title=\"imagem-2\" width=\"672\" height=\"420\" srcset=\"https:\/\/locacaodeguindastesgoiania.com.br\/wp-content\/uploads\/2026\/02\/imagem-2.webp 672w, https:\/\/locacaodeguindastesgoiania.com.br\/wp-content\/uploads\/2026\/02\/imagem-2-480x300.webp 480w\" sizes=\"(min-width: 0px) and (max-width: 480px) 480px, (min-width: 481px) 672px, 100vw\" class=\"wp-image-100\" \/><\/span><\/div>\n\n<div class=\"et_pb_text_5 et_pb_text et_pb_bg_layout_light et_pb_module et_flex_module\"><div class=\"et_pb_text_inner\"><h3 class=\"font-display text-xl font-semibold text-foreground\">Guindaste Rodovi\u00e1rio (Telesc\u00f3pico)<\/h3>\n<p><span>Para grandes alturas, longo alcance e cargas superpesadas. Precis\u00e3o milim\u00e9trica.<\/span><\/p>\n<\/div><\/div>\n\n<div class=\"et_pb_module et_pb_button_module_wrapper et_pb_button_3_wrapper\"><a class=\"et_pb_button_3 et_pb_button et_pb_bg_layout_light et_pb_module et_block_module\" href=\"https:\/\/locacaodeguindastesgoiania.com.br\/index.php\/2026\/02\/23\/entendendo-a-capacidade-de-carga-o-segredo-para-um-icamento-seguro-na-sua-obra\/\" target=\"_blank\">Saiba mais: Capacidade de Carga<\/a><\/div>\n<\/div>\n\n<div class=\"et_pb_column_5 et_pb_column et-last-child et_flex_column et_pb_css_mix_blend_mode_passthrough et_flex_column_8_24 et_flex_column_8_24_tablet et_flex_column_24_24_phone\">\n<div class=\"et_pb_image_2 et_pb_image et_pb_module et_flex_module\"><span class=\"et_pb_image_wrap\"><img alt=\"\" alt=\"\" loading=\"lazy\" decoding=\"async\" src=\"https:\/\/locacaodeguindastesgoiania.com.br\/wp-content\/uploads\/2026\/02\/imagem-3.webp\" title=\"imagem-3\" width=\"672\" height=\"420\" srcset=\"https:\/\/locacaodeguindastesgoiania.com.br\/wp-content\/uploads\/2026\/02\/imagem-3.webp 672w, https:\/\/locacaodeguindastesgoiania.com.br\/wp-content\/uploads\/2026\/02\/imagem-3-480x300.webp 480w\" sizes=\"(min-width: 0px) and (max-width: 480px) 480px, (min-width: 481px) 672px, 100vw\" class=\"wp-image-101\" \/><\/span><\/div>\n\n<div class=\"et_pb_text_6 et_pb_text et_pb_bg_layout_light et_pb_module et_flex_module\"><div class=\"et_pb_text_inner\"><h3 class=\"font-display text-xl font-semibold text-foreground\">Remo\u00e7\u00e3o Industrial e Cesto A\u00e9reo<\/h3>\n<p><span>Movimenta\u00e7\u00e3o interna de m\u00e1quinas e eleva\u00e7\u00e3o de pessoas com seguran\u00e7a (NR-12).<\/span><\/p>\n<\/div><\/div>\n\n<div class=\"et_pb_module et_pb_button_module_wrapper et_pb_button_4_wrapper\"><a class=\"et_pb_button_4 et_pb_button et_pb_bg_layout_light et_pb_module et_block_module\" href=\"https:\/\/locacaodeguindastesgoiania.com.br\/index.php\/2026\/02\/23\/seguranca-em-primeiro-lugar-as-normas-essenciais-para-locacao-de-guindastes-em-goiania\/\" target=\"_blank\">Saiba mais: Normas de Seguran\u00e7a<\/a><\/div>\n<\/div>\n<\/div>\n<\/div>\n\n<div class=\"et_pb_section_3 et_pb_section et_section_regular et_flex_section\" id=\"dicas\">\n<div class=\"et_pb_row_4 et_pb_row et_flex_row\">\n<div class=\"et_pb_column_6 et_pb_column et-last-child et_flex_column et_pb_css_mix_blend_mode_passthrough et_flex_column_24_24 et_flex_column_24_24_tablet et_flex_column_24_24_phone\">\n<div class=\"et_pb_blurb_0 et_pb_blurb et_pb_bg_layout_light et_pb_blurb_position_left et_pb_module et_flex_module\"><div class=\"et_pb_blurb_content et_flex_module\"><div class=\"et_pb_main_blurb_image\"><span class=\"et_pb_image_wrap\"><span class=\"et-pb-icon\">\ue0f6<\/span><\/span><\/div><div class=\"et_pb_blurb_container\"><h4 class=\"et_pb_module_header\">Riscos de contratar empresas sem certifica\u00e7\u00e3o<\/h4><\/div><\/div><\/div>\n\n<div class=\"et_pb_text_7 et_pb_text et_pb_bg_layout_light et_pb_module et_block_module\"><div class=\"et_pb_text_inner\"><p class=\"text-center font-display text-3xl font-bold text-primary md:text-4xl\"><span>O i\u00e7amento de cargas envolve riscos s\u00e9rios. Em Goi\u00e2nia, a fiscaliza\u00e7\u00e3o \u00e9 rigorosa. Contratar equipamentos sem manuten\u00e7\u00e3o ou operadores sem curso de Rigger pode embargar sua obra.<\/span><\/p>\n<\/div><\/div>\n\n<ul class=\"et_pb_icon_list_0 et_pb_icon_list et_pb_module et_flex_module\">\n<li class=\"et_pb_icon_list_item_0 et_pb_icon_list_item et_pb_module et_flex_module\"><span class=\"et-pb-icon\">\uf14a<\/span><div class=\"et_pb_icon_list_text\">Equipamentos com manuten\u00e7\u00e3o em dia?<\/div><\/li>\n\n<li class=\"et_pb_icon_list_item_1 et_pb_icon_list_item et_pb_module et_flex_module\"><span class=\"et-pb-icon\">\uf14a<\/span><div class=\"et_pb_icon_list_text\">Seguro de Risco de Engenharia (I\u00e7amento)?<\/div><\/li>\n\n<li class=\"et_pb_icon_list_item_2 et_pb_icon_list_item et_pb_module et_flex_module\"><span class=\"et-pb-icon\">\uf14a<\/span><div class=\"et_pb_icon_list_text\">Operadores certificados?<\/div><\/li>\n\n<li class=\"et_pb_icon_list_item_3 et_pb_icon_list_item et_pb_module et_flex_module\"><span class=\"et-pb-icon\">\uf14a<\/span><div class=\"et_pb_icon_list_text\">Plano de Rigging (Estudo de Carga)?<\/div><\/li>\n<\/ul>\n<\/div>\n<\/div>\n<\/div>\n\n<div class=\"et_pb_section_4 et_pb_section et_section_regular et_flex_section\" id=\"recomendacoes\">\n<div class=\"et_pb_row_5 et_pb_row et_flex_row\">\n<div class=\"et_pb_column_7 et_pb_column et-last-child et_flex_column et_pb_css_mix_blend_mode_passthrough et_flex_column_24_24 et_flex_column_24_24_tablet et_flex_column_24_24_phone\">\n<div class=\"et_pb_text_8 et_pb_text et_pb_bg_layout_light et_pb_module et_block_module\"><div class=\"et_pb_text_inner\"><h2 class=\"text-center font-display text-3xl font-bold text-primary md:text-4xl\">Nossas Recomenda\u00e7\u00f5es: Empresas Refer\u00eancia em Goi\u00e1s<\/h2>\n<\/div><\/div>\n\n<div class=\"et_pb_text_9 et_pb_text et_pb_bg_layout_light et_pb_module et_block_module\"><div class=\"et_pb_text_inner\"><p class=\"text-center font-display text-3xl font-bold text-primary md:text-4xl\"><span>Selecionamos parceiros com frota verificada e hist\u00f3rico de seguran\u00e7a comprovado.<\/span><\/p>\n<\/div><\/div>\n<\/div>\n<\/div>\n\n<div class=\"et_pb_row_6 et_pb_row et_flex_row\">\n<div class=\"et_pb_column_8 et_pb_column et_flex_column et_pb_css_mix_blend_mode_passthrough et_flex_column_12_24 et_flex_column_12_24_tablet et_flex_column_24_24_phone\">\n<div class=\"et_pb_blurb_1 et_pb_blurb et_pb_bg_layout_light et_pb_blurb_position_left et_pb_module et_flex_module\"><div class=\"et_pb_blurb_content et_flex_module\"><div class=\"et_pb_main_blurb_image\"><span class=\"et_pb_image_wrap et_pb_only_image_mode_wrap\"><img alt=\"\" alt=\"\" loading=\"lazy\" decoding=\"async\" src=\"https:\/\/locacaodeguindastesgoiania.com.br\/wp-content\/uploads\/2026\/02\/logo-locamais.webp\" width=\"100\" height=\"96\" srcset=\"https:\/\/locacaodeguindastesgoiania.com.br\/wp-content\/uploads\/2026\/02\/logo-locamais.webp 100w\" sizes=\"(max-width: 100px) 100vw, 100px\" class=\"wp-image-93\" title=\"logo-locamais\" \/><\/span><\/div><div class=\"et_pb_blurb_container\"><h3 class=\"et_pb_module_header\">Locamais Guindastes<\/h3><div class=\"et_pb_blurb_description\"><p><span>Agilidade e Versatilidade.<\/span><\/p>\n<\/div><\/div><\/div><\/div>\n\n<ul class=\"et_pb_icon_list_1 et_pb_icon_list et_pb_module et_flex_module\">\n<li class=\"et_pb_icon_list_item_4 et_pb_icon_list_item et_pb_module et_flex_module\"><span class=\"et-pb-icon\">\uf058<\/span><div class=\"et_pb_icon_list_text\">Especialista em Caminh\u00e3o Munck.<\/div><\/li>\n\n<li class=\"et_pb_icon_list_item_5 et_pb_icon_list_item et_pb_module et_flex_module\"><span class=\"et-pb-icon\">\uf058<\/span><div class=\"et_pb_icon_list_text\">Atendimento r\u00e1pido em toda Goi\u00e2nia.<\/div><\/li>\n\n<li class=\"et_pb_icon_list_item_6 et_pb_icon_list_item et_pb_module et_flex_module\"><span class=\"et-pb-icon\">\uf058<\/span><div class=\"et_pb_icon_list_text\">Ideal para constru\u00e7\u00e3o civil e descargas.<\/div><\/li>\n<\/ul>\n\n<div class=\"et_pb_row_7 et_pb_row et_pb_row_nested et_flex_row et_clickable\">\n<div class=\"et_pb_column_9 et_pb_column et-last-child et_flex_column et_pb_css_mix_blend_mode_passthrough et_flex_column_24_24 et_flex_column_24_24_tablet et_flex_column_24_24_phone\">\n<div class=\"et_pb_module et_pb_button_module_wrapper et_pb_button_5_wrapper\"><a class=\"et_pb_button_5 et_pb_button et_pb_bg_layout_light et_pb_module et_flex_module\" href=\"https:\/\/api.whatsapp.com\/send?phone=5562992443880&#038;text=Mensagem%20do%20site:%20\" target=\"_blank\" data-icon=\"\uf232\">Or\u00e7amento com Locamais<\/a><\/div>\n<\/div>\n<\/div>\n<\/div>\n\n<div class=\"et_pb_column_10 et_pb_column et-last-child et_flex_column et_pb_css_mix_blend_mode_passthrough et_flex_column_12_24 et_flex_column_12_24_tablet et_flex_column_24_24_phone\">\n<div class=\"et_pb_blurb_2 et_pb_blurb et_pb_bg_layout_light et_pb_blurb_position_left et_pb_module et_flex_module\"><div class=\"et_pb_blurb_content et_flex_module\"><div class=\"et_pb_main_blurb_image\"><span class=\"et_pb_image_wrap et_pb_only_image_mode_wrap\"><img alt=\"\" alt=\"\" loading=\"lazy\" decoding=\"async\" src=\"https:\/\/locacaodeguindastesgoiania.com.br\/wp-content\/uploads\/2026\/02\/logo-ntguindastes.webp\" width=\"100\" height=\"100\" srcset=\"https:\/\/locacaodeguindastesgoiania.com.br\/wp-content\/uploads\/2026\/02\/logo-ntguindastes.webp 100w\" sizes=\"(max-width: 100px) 100vw, 100px\" class=\"wp-image-95\" title=\"logo-ntguindastes\" \/><\/span><\/div><div class=\"et_pb_blurb_container\"><h3 class=\"et_pb_module_header\">NT Guindastes<\/h3><div class=\"et_pb_blurb_description\"><div class=\"flex items-center gap-4 border-b bg-muted\/50 px-6 py-5\">\n<div>\n<p class=\"text-sm text-muted-foreground\">Engenharia de Movimenta\u00e7\u00e3o e Cargas Pesadas.<\/p>\n<\/div>\n<\/div>\n<div class=\"p-6\"><\/div>\n<\/div><\/div><\/div><\/div>\n\n<ul class=\"et_pb_icon_list_2 et_pb_icon_list et_pb_module et_flex_module\">\n<li class=\"et_pb_icon_list_item_7 et_pb_icon_list_item et_pb_module et_flex_module\"><span class=\"et-pb-icon\">\uf058<\/span><div class=\"et_pb_icon_list_text\">Guindastes de grande porte.<\/div><\/li>\n\n<li class=\"et_pb_icon_list_item_8 et_pb_icon_list_item et_pb_module et_flex_module\"><span class=\"et-pb-icon\">\uf058<\/span><div class=\"et_pb_icon_list_text\">Planos de Rigging complexos.<\/div><\/li>\n\n<li class=\"et_pb_icon_list_item_9 et_pb_icon_list_item et_pb_module et_flex_module\"><span class=\"et-pb-icon\">\uf058<\/span><div class=\"et_pb_icon_list_text\">Montagem industrial e estruturas met\u00e1licas.<\/div><\/li>\n<\/ul>\n\n<div class=\"et_pb_row_8 et_pb_row et_pb_row_nested et_flex_row et_clickable\">\n<div class=\"et_pb_column_11 et_pb_column et-last-child et_flex_column et_pb_css_mix_blend_mode_passthrough et_flex_column_24_24 et_flex_column_24_24_tablet et_flex_column_24_24_phone\">\n<div class=\"et_pb_module et_pb_button_module_wrapper et_pb_button_6_wrapper\"><a class=\"et_pb_button_6 et_pb_button et_pb_bg_layout_light et_pb_module et_flex_module\" href=\"https:\/\/api.whatsapp.com\/send?phone=5562992443880&#038;text=Mensagem%20do%20Site%3A%20\" target=\"_blank\" data-icon=\"\uf232\">Or\u00e7amento com NT Guindastes<\/a><\/div>\n<\/div>\n<\/div>\n<\/div>\n<\/div>\n<\/div>\n\n<div class=\"et_pb_section_5 et_pb_section et_section_regular et_flex_section\">\n<div class=\"et_pb_row_9 et_pb_row et_flex_row\">\n<div class=\"et_pb_column_12 et_pb_column et-last-child et_flex_column et_pb_css_mix_blend_mode_passthrough et_flex_column_24_24 et_flex_column_24_24_tablet et_flex_column_24_24_phone\">\n<div class=\"et_pb_text_10 et_pb_text et_pb_bg_layout_light et_pb_module et_block_module\"><div class=\"et_pb_text_inner\"><h2 class=\"text-center font-display text-3xl font-bold text-primary md:text-4xl\">Blog<\/h2>\n<\/div><\/div>\n\n<div class=\"et_pb_blog_0 et_pb_blog et_pb_bg_layout_light et_pb_posts et_pb_module\"><div class=\"et_pb_ajax_pagination_container\"><div class=\"et_pb_posts et_grid_module\"><article class=\"et_pb_post et_pb_post_id_115 clearfix et_pb_blog_item_0_0 post-115 post type-post status-publish format-standard has-post-thumbnail hentry category-sem-categoria\"><div class=\"et_pb_image_container\"><a href=\"https:\/\/locacaodeguindastesgoiania.com.br\/index.php\/2026\/02\/23\/seguranca-em-primeiro-lugar-as-normas-essenciais-para-locacao-de-guindastes-em-goiania\/\" class=\"entry-featured-image-url\"><img loading=\"lazy\" decoding=\"async\" src=\"https:\/\/locacaodeguindastesgoiania.com.br\/wp-content\/uploads\/2026\/02\/imagem-post-2.webp\" width=\"400\" height=\"284\" alt=\"Seguran\u00e7a em Primeiro Lugar: As Normas Essenciais para Loca\u00e7\u00e3o de Guindastes em Goi\u00e2nia\" class=\"\" srcset=\"https:\/\/locacaodeguindastesgoiania.com.br\/wp-content\/uploads\/2026\/02\/imagem-post-2.webp 479w, https:\/\/locacaodeguindastesgoiania.com.br\/wp-content\/uploads\/2026\/02\/imagem-post-2-400x284.webp 480w\" sizes=\"(max-width:479px) 479px, 100vw\" \/><span data-icon=\"\ue050\" class=\"et_overlay et_pb_inline_icon\"><\/span><\/a><\/div><h2 class=\"entry-title\"><a href=\"https:\/\/locacaodeguindastesgoiania.com.br\/index.php\/2026\/02\/23\/seguranca-em-primeiro-lugar-as-normas-essenciais-para-locacao-de-guindastes-em-goiania\/\">Seguran\u00e7a em Primeiro Lugar: As Normas Essenciais para Loca\u00e7\u00e3o de Guindastes em Goi\u00e2nia<\/a><\/h2><p class=\"post-meta\"><\/p><div class=\"post-content\"><div class=\"post-content-inner\"><p>N\u00e3o coloque sua obra em risco. Entenda quais s\u00e3o as exig\u00eancias legais e t\u00e9cnicas que voc\u00ea deve cobrar de uma empresa de loca\u00e7\u00e3o de guindastes em Goi\u00e1s. A constru\u00e7\u00e3o civil e o setor industrial em Goi\u00e2nia e regi\u00e3o metropolitana est\u00e3o em constante acelera\u00e7\u00e3o. Prazos&#8230;<\/p>\n<\/div><\/div><\/article><article class=\"et_pb_post et_pb_post_id_113 clearfix et_pb_blog_item_0_1 post-113 post type-post status-publish format-standard has-post-thumbnail hentry category-sem-categoria\"><div class=\"et_pb_image_container\"><a href=\"https:\/\/locacaodeguindastesgoiania.com.br\/index.php\/2026\/02\/23\/entendendo-a-capacidade-de-carga-o-segredo-para-um-icamento-seguro-na-sua-obra\/\" class=\"entry-featured-image-url\"><img loading=\"lazy\" decoding=\"async\" src=\"https:\/\/locacaodeguindastesgoiania.com.br\/wp-content\/uploads\/2026\/02\/imagem-post-3.webp\" width=\"400\" height=\"284\" alt=\"Entendendo a Capacidade de Carga: O Segredo para um I\u00e7amento Seguro na Sua Obra\" class=\"\" srcset=\"https:\/\/locacaodeguindastesgoiania.com.br\/wp-content\/uploads\/2026\/02\/imagem-post-3.webp 479w, https:\/\/locacaodeguindastesgoiania.com.br\/wp-content\/uploads\/2026\/02\/imagem-post-3-400x284.webp 480w\" sizes=\"(max-width:479px) 479px, 100vw\" \/><span data-icon=\"\ue050\" class=\"et_overlay et_pb_inline_icon\"><\/span><\/a><\/div><h2 class=\"entry-title\"><a href=\"https:\/\/locacaodeguindastesgoiania.com.br\/index.php\/2026\/02\/23\/entendendo-a-capacidade-de-carga-o-segredo-para-um-icamento-seguro-na-sua-obra\/\">Entendendo a Capacidade de Carga: O Segredo para um I\u00e7amento Seguro na Sua Obra<\/a><\/h2><p class=\"post-meta\"><\/p><div class=\"post-content\"><div class=\"post-content-inner\"><p>Seja na montagem de um galp\u00e3o industrial ou na constru\u00e7\u00e3o de um edif\u00edcio em Goi\u00e2nia, uma regra \u00e9 universal quando se trata de guindastes e caminh\u00f5es Munck: nunca subestime a capacidade de carga do equipamento. Muitos profissionais acreditam que se um guindaste \u00e9&#8230;<\/p>\n<\/div><\/div><\/article><article class=\"et_pb_post et_pb_post_id_110 clearfix et_pb_blog_item_0_2 post-110 post type-post status-publish format-standard has-post-thumbnail hentry category-sem-categoria\"><div class=\"et_pb_image_container\"><a href=\"https:\/\/locacaodeguindastesgoiania.com.br\/index.php\/2026\/02\/23\/munck-ou-guindaste-entenda-a-diferenca-e-saiba-qual-escolher-para-a-sua-obra\/\" class=\"entry-featured-image-url\"><img loading=\"lazy\" decoding=\"async\" src=\"https:\/\/locacaodeguindastesgoiania.com.br\/wp-content\/uploads\/2026\/02\/imagem-post-02.webp\" width=\"400\" height=\"284\" alt=\"Munck ou Guindaste? Entenda a Diferen\u00e7a e Saiba Qual Escolher para a Sua Obra\" class=\"\" srcset=\"https:\/\/locacaodeguindastesgoiania.com.br\/wp-content\/uploads\/2026\/02\/imagem-post-02.webp 479w, https:\/\/locacaodeguindastesgoiania.com.br\/wp-content\/uploads\/2026\/02\/imagem-post-02-400x284.webp 480w\" sizes=\"(max-width:479px) 479px, 100vw\" \/><span data-icon=\"\ue050\" class=\"et_overlay et_pb_inline_icon\"><\/span><\/a><\/div><h2 class=\"entry-title\"><a href=\"https:\/\/locacaodeguindastesgoiania.com.br\/index.php\/2026\/02\/23\/munck-ou-guindaste-entenda-a-diferenca-e-saiba-qual-escolher-para-a-sua-obra\/\">Munck ou Guindaste? Entenda a Diferen\u00e7a e Saiba Qual Escolher para a Sua Obra<\/a><\/h2><p class=\"post-meta\"><\/p><div class=\"post-content\"><div class=\"post-content-inner\"><p>Quando surge a necessidade de i\u00e7ar e movimentar cargas pesadas em um projeto, \u00e9 muito comum bater aquela d\u00favida: &#8220;Devo alugar um caminh\u00e3o Munck ou um Guindaste?&#8221;. Embora ambos sirvam para a eleva\u00e7\u00e3o de materiais, eles possuem estruturas, capacidades e custos&#8230;<\/p>\n<\/div><\/div><\/article><\/div><div class=\"pagination clearfix\">\n\t<div class=\"alignleft\"><\/div>\n\t<div class=\"alignright\"><\/div>\n<\/div><\/div><\/div>\n<\/div>\n<\/div>\n<\/div>\n\n<div class=\"et_pb_section_6 et_pb_section et_section_regular et_flex_section\">\n<div class=\"et_pb_row_10 et_pb_row et_flex_row\">\n<div class=\"et_pb_column_13 et_pb_column et-last-child et_flex_column et_pb_css_mix_blend_mode_passthrough et_flex_column_24_24 et_flex_column_24_24_tablet et_flex_column_24_24_phone\">\n<div class=\"et_pb_text_11 et_pb_text et_pb_bg_layout_light et_pb_module et_flex_module\"><div class=\"et_pb_text_inner\"><p><span>Este site atua como um guia informativo conectando clientes a prestadores de servi\u00e7o qualificados.<\/span><\/p>\n<\/div><\/div>\n\n<div class=\"et_pb_text_12 et_pb_text et_pb_bg_layout_light et_pb_module et_flex_module\"><div class=\"et_pb_text_inner\"><p><span>\u00a9\u00a0<\/span><span>2026<\/span><span>\u00a0Guindastes Goi\u00e2nia &#8211; Guia de Loca\u00e7\u00e3o<\/span><\/p>\n<\/div><\/div>\n<\/div>\n<\/div>\n<\/div>","protected":false},"excerpt":{"rendered":"","protected":false},"author":1,"featured_media":0,"parent":0,"menu_order":0,"comment_status":"closed","ping_status":"closed","template":"page-template-blank.php","meta":{"_seopress_robots_primary_cat":"","_seopress_titles_title":"Aluguel de Guindastes e Munck em Goi\u00e2nia | Guia Local","_seopress_titles_desc":"Tudo sobre loca\u00e7\u00e3o de guindastes em Goi\u00e2nia. Encontre empresas de aluguel de guindastes e munck para sua obra. Acesse j\u00e1!","_seopress_robots_index":"","footnotes":""},"class_list":["post-13","page","type-page","status-publish","hentry"],"_links":{"self":[{"href":"https:\/\/locacaodeguindastesgoiania.com.br\/index.php\/wp-json\/wp\/v2\/pages\/13","targetHints":{"allow":["GET"]}}],"collection":[{"href":"https:\/\/locacaodeguindastesgoiania.com.br\/index.php\/wp-json\/wp\/v2\/pages"}],"about":[{"href":"https:\/\/locacaodeguindastesgoiania.com.br\/index.php\/wp-json\/wp\/v2\/types\/page"}],"author":[{"embeddable":true,"href":"https:\/\/locacaodeguindastesgoiania.com.br\/index.php\/wp-json\/wp\/v2\/users\/1"}],"replies":[{"embeddable":true,"href":"https:\/\/locacaodeguindastesgoiania.com.br\/index.php\/wp-json\/wp\/v2\/comments?post=13"}],"version-history":[{"count":81,"href":"https:\/\/locacaodeguindastesgoiania.com.br\/index.php\/wp-json\/wp\/v2\/pages\/13\/revisions"}],"predecessor-version":[{"id":151,"href":"https:\/\/locacaodeguindastesgoiania.com.br\/index.php\/wp-json\/wp\/v2\/pages\/13\/revisions\/151"}],"wp:attachment":[{"href":"https:\/\/locacaodeguindastesgoiania.com.br\/index.php\/wp-json\/wp\/v2\/media?parent=13"}],"curies":[{"name":"wp","href":"https:\/\/api.w.org\/{rel}","templated":true}]}}